{"id":96,"date":"2013-12-30T18:00:50","date_gmt":"2013-12-30T17:00:50","guid":{"rendered":"http:\/\/latelierdeblandine.fr\/WordPress\/?page_id=96"},"modified":"2023-06-22T09:25:55","modified_gmt":"2023-06-22T07:25:55","slug":"offrir","status":"publish","type":"page","link":"https:\/\/latelierdeblandine.fr\/WordPress\/offrir\/","title":{"rendered":"Offrir"},"content":{"rendered":"<p><span style=\"font-size: large;\"><span style=\"color: #808080;\">\u00a0Voici quelques id\u00e9es de cadeaux \u00e0 offrir \u00e0 vos amis et proches<\/span><\/span><span style=\"font-size: large;\">\u00a0<span style=\"color: #808080;\">:<\/span><\/span><\/p>\n<p><span style=\"font-size: large;\"><span style=\"color: #808080;\"><span style=\"color: #cc4e5c;\">&#8211;<\/span><\/span> <span style=\"font-size: medium; color: #808080;\">Une<\/span><span style=\"color: #808080;\"><span style=\"font-size: medium;\"> <span style=\"color: #cc4e5c;\">enveloppe Cadeau\u00a0<\/span><\/span><\/span><span style=\"font-size: medium; color: #808080;\">d<\/span><span style=\"font-size: medium;\"><span style=\"color: #808080;\">u montant que vous d\u00e9sirez pour l&rsquo;achat d&rsquo;un article dans les boutiques naissance ou maison.\u00a0<\/span><br \/>\n<\/span><\/span><\/p>\n<p><span style=\"color: #808080; font-size: medium;\"><span style=\"color: #cc4e5c;\">&#8211;<\/span> Un <a href=\"http:\/\/latelierdeblandine.fr\/WordPress\/les-ateliers\/atelier-abat-jour-2\/\"><span style=\"color: #cc4e5c;\">atelier d\u00e9couverte<\/span><\/a> de la dur\u00e9e de votre choix dans l&rsquo;un des ateliers pour adultes et enfants<\/span><\/p>\n<p><span style=\"font-size: medium;\"><span style=\"color: #cc4e5c;\">&#8211;\u00a0<\/span><span style=\"color: #808080;\">Un <a href=\":%20http:\/\/latelierdeblandine.fr\/WordPress\/les-ateliers\/latelier-des-enfants-2\/\"><span style=\"color: #cc4e5c;\">stage bricolage<\/span><\/a> pendant les vacances scolaires : 4 heures : 50\u20ac , <\/span><span style=\"color: #808080;\">8 heures : 90\u20ac<\/span><\/span><\/p>\n<p><span style=\"font-size: medium;\">\u00a0<\/span><\/p>\n<p style=\"text-align: left;\"><span style=\"font-size: medium;\"><span style=\"color: #999999;\"><span style=\"color: #808080;\">D\u00e9s r\u00e9ception du r\u00e8glement, un<span style=\"color: #cc4e5c;\"> bon cadeau<\/span> vous sera remis ou envoy\u00e9 dans une enveloppe au nom de la personne \u00e0 qui vous l&rsquo;offrez.<br \/>\nNous pouvons aussi envoyer le bon personnalis\u00e9 par e-mail ou par courrier \u00e0 la personne de votre choix.<br \/>\n<\/span><\/span><\/span><\/p>\n<h2><a style=\"font-size: large; text-align: center;\" href=\"http:\/\/latelierdeblandine.fr\/WordPress\/wp-content\/uploads\/2013\/12\/BON-CADEAU.jpg\"><span style=\"color: #808080;\"><img decoding=\"async\" loading=\"lazy\" class=\"size-medium wp-image-108 aligncenter\" src=\"http:\/\/latelierdeblandine.fr\/WordPress\/wp-content\/uploads\/2013\/12\/BON-CADEAU-300x137.jpg\" alt=\"BON CADEAU\" width=\"300\" height=\"137\" srcset=\"https:\/\/latelierdeblandine.fr\/WordPress\/wp-content\/uploads\/2013\/12\/BON-CADEAU-300x137.jpg 300w, https:\/\/latelierdeblandine.fr\/WordPress\/wp-content\/uploads\/2013\/12\/BON-CADEAU-250x114.jpg 250w, https:\/\/latelierdeblandine.fr\/WordPress\/wp-content\/uploads\/2013\/12\/BON-CADEAU-150x68.jpg 150w, https:\/\/latelierdeblandine.fr\/WordPress\/wp-content\/uploads\/2013\/12\/BON-CADEAU.jpg 771w\" sizes=\"(max-width: 300px) 100vw, 300px\" \/><\/span><\/a><\/h2>\n","protected":false},"excerpt":{"rendered":"<p>\u00a0Voici quelques id\u00e9es de cadeaux \u00e0 offrir \u00e0 vos amis et proches\u00a0: &#8211; Une enveloppe Cadeau\u00a0du montant que vous d\u00e9sirez pour l&rsquo;achat d&rsquo;un article dans les boutiques naissance ou maison.\u00a0 &#8211; Un atelier d\u00e9couverte de la dur\u00e9e de votre choix dans l&rsquo;un des ateliers pour adultes et enfants &#8211;\u00a0Un stage \u2026 <a class=\"continue-reading-link\" href=\"https:\/\/latelierdeblandine.fr\/WordPress\/offrir\/\"> Continue reading <span class=\"meta-nav\">&rarr; <\/span><\/a><\/p>\n","protected":false},"author":1,"featured_media":0,"parent":0,"menu_order":5,"comment_status":"closed","ping_status":"closed","template":"","meta":[],"_links":{"self":[{"href":"https:\/\/latelierdeblandine.fr\/WordPress\/wp-json\/wp\/v2\/pages\/96"}],"collection":[{"href":"https:\/\/latelierdeblandine.fr\/WordPress\/wp-json\/wp\/v2\/pages"}],"about":[{"href":"https:\/\/latelierdeblandine.fr\/WordPress\/wp-json\/wp\/v2\/types\/page"}],"author":[{"embeddable":true,"href":"https:\/\/latelierdeblandine.fr\/WordPress\/wp-json\/wp\/v2\/users\/1"}],"replies":[{"embeddable":true,"href":"https:\/\/latelierdeblandine.fr\/WordPress\/wp-json\/wp\/v2\/comments?post=96"}],"version-history":[{"count":43,"href":"https:\/\/latelierdeblandine.fr\/WordPress\/wp-json\/wp\/v2\/pages\/96\/revisions"}],"predecessor-version":[{"id":16048,"href":"https:\/\/latelierdeblandine.fr\/WordPress\/wp-json\/wp\/v2\/pages\/96\/revisions\/16048"}],"wp:attachment":[{"href":"https:\/\/latelierdeblandine.fr\/WordPress\/wp-json\/wp\/v2\/media?parent=96"}],"curies":[{"name":"wp","href":"https:\/\/api.w.org\/{rel}","templated":true}]}}