{"id":46,"date":"2013-12-30T15:09:08","date_gmt":"2013-12-30T14:09:08","guid":{"rendered":"http:\/\/latelierdeblandine.fr\/WordPress\/?page_id=46"},"modified":"2026-02-11T17:31:01","modified_gmt":"2026-02-11T16:31:01","slug":"latelier-des-enfants-2","status":"publish","type":"page","link":"https:\/\/latelierdeblandine.fr\/WordPress\/latelier-des-enfants-2\/","title":{"rendered":"L&rsquo;atelier des enfants"},"content":{"rendered":"<p><span style=\"color: #afbb8b; font-family: times new roman, times, serif;\"><strong><span style=\"font-size: 18pt;\"> imaginer, cr\u00e9er, r\u00e9aliser<\/span><\/strong><\/span><\/p>\n<p><a href=\"https:\/\/latelierdeblandine.fr\/WordPress\/wp-content\/uploads\/2021\/09\/P1040192-e1630596134885.jpg\"><img decoding=\"async\" loading=\"lazy\" class=\"alignnone  wp-image-15039\" src=\"https:\/\/latelierdeblandine.fr\/WordPress\/wp-content\/uploads\/2021\/09\/P1040192-300x300.jpg\" alt=\"\" width=\"160\" height=\"160\" \/> \u00a0 \u00a0 \u00a0 \u00a0 <\/a><a href=\"https:\/\/latelierdeblandine.fr\/WordPress\/wp-content\/uploads\/2024\/01\/site-scaled-e1705164862136.jpg\"><img decoding=\"async\" loading=\"lazy\" class=\"alignnone  wp-image-16056\" src=\"https:\/\/latelierdeblandine.fr\/WordPress\/wp-content\/uploads\/2024\/01\/site-scaled-e1705164862136-264x300.jpg\" alt=\"\" width=\"143\" height=\"163\" srcset=\"https:\/\/latelierdeblandine.fr\/WordPress\/wp-content\/uploads\/2024\/01\/site-scaled-e1705164862136-264x300.jpg 264w, https:\/\/latelierdeblandine.fr\/WordPress\/wp-content\/uploads\/2024\/01\/site-scaled-e1705164862136-132x150.jpg 132w, https:\/\/latelierdeblandine.fr\/WordPress\/wp-content\/uploads\/2024\/01\/site-scaled-e1705164862136.jpg 283w\" sizes=\"(max-width: 143px) 100vw, 143px\" \/><\/a><a href=\"https:\/\/latelierdeblandine.fr\/WordPress\/wp-content\/uploads\/2019\/09\/P1010406-e1567609770764.jpg\">\u00a0 \u00a0 \u00a0 \u00a0\u00a0<\/a><a href=\"https:\/\/latelierdeblandine.fr\/WordPress\/wp-content\/uploads\/2019\/03\/sac-beatix-e1553608595980.jpg\"><img decoding=\"async\" loading=\"lazy\" class=\"alignnone  wp-image-10833\" src=\"https:\/\/latelierdeblandine.fr\/WordPress\/wp-content\/uploads\/2019\/03\/sac-beatix-300x300.jpg\" alt=\"\" width=\"160\" height=\"160\" \/><\/a><a href=\"https:\/\/latelierdeblandine.fr\/WordPress\/wp-content\/uploads\/2019\/09\/P1010406-e1567609770764.jpg\"> \u00a0 \u00a0 \u00a0 <span style=\"font-family: book antiqua, palatino, serif;\">\u00a0 \u00a0 \u00a0 <\/span><\/a><br \/>\n<strong><span style=\"font-size: 14pt;\"><span style=\"font-family: book antiqua, palatino, serif;\"><span style=\"color: #808080;\">E<span style=\"font-size: 14pt;\">n toute l<span style=\"color: #808080;\">ibert\u00e9<\/span>, dans la bonne humeur, en petits groupes.<\/span><\/span><span style=\"font-size: 14pt;\"><span style=\"color: #808080;\"><br \/>\nDepuis de nombreuses ann\u00e9es Blandine anime des ateliers pour enfants et ados.<br \/>\n<\/span><span style=\"color: #808080;\">Forte de son exp\u00e9rience dans les travaux manuels elle leur apporte id\u00e9es et techniques. <\/span><\/span><\/span><span style=\"color: #808080;\"><span style=\"font-family: book antiqua, palatino, serif;\">Sans programme impos\u00e9, juste guid\u00e9 dans son envie de cr\u00e9er.<\/span><\/span><\/span><\/strong><\/p>\n<p><strong><span style=\"font-size: 14pt;\"><span style=\"font-family: book antiqua, palatino, serif;\"><span style=\"color: #afbb8b;\">Quelques exemples d&rsquo;activit\u00e9s :<\/span><\/span><\/span><\/strong><\/p>\n<p><strong><span style=\"font-size: 14pt;\"><span style=\"color: #888888;\"><span style=\"color: #888888;\"><span style=\"color: #cc4e5c;\"><span style=\"color: #888888;\"><span style=\"color: #888888;\"><span style=\"color: #cc4e5c;\">Atelier vitrine <\/span><span style=\"color: #808080;\">: ma chambre en tout petit, une boutique de fleurs<br \/>\n<\/span><\/span><\/span><\/span><\/span><\/span><span style=\"color: #888888;\"><span style=\"color: #888888;\"><span style=\"color: #cc4e5c;\"><span style=\"color: #888888;\"><span style=\"color: #888888;\"><a href=\"http:\/\/latelierdeblandine.fr\/WordPress\/les-ateliers\/latelier-couture\"><span style=\"color: #cc4e5c;\"><span style=\"font-family: book antiqua, palatino, serif;\">Atelier couture <\/span><\/span><\/a><span style=\"font-family: book antiqua, palatino, serif;\">: un sac, une trousse, des habits de poup\u00e9e, un coussin, un tablier<\/span><br \/>\n<\/span><\/span><\/span><\/span><\/span><span style=\"font-family: book antiqua, palatino, serif;\"><span style=\"color: #808080;\"><span style=\"color: #cc4e5c;\">Atelier Origami<\/span> <\/span><span style=\"color: #808080;\">: une guirlande, un tableau, une boite&#8230;<br \/>\n<\/span><span style=\"color: #888888;\"><span style=\"color: #888888;\"><span style=\"color: #cc4e5c;\"><span style=\"color: #888888;\"><span style=\"color: #888888;\"><span style=\"color: #cc4e5c;\">Atelier papier-carton <\/span>: un pot \u00e0 crayons, un livre \u00e0 secrets,\u00a0<\/span><\/span><\/span><\/span><\/span><\/span><\/span><\/strong><span style=\"color: #888888;\"><span style=\"color: #888888;\"><span style=\"color: #cc4e5c; font-size: x-large;\"><span style=\"color: #888888; font-size: large;\"><span style=\"color: #888888; font-size: large;\"><span style=\"font-family: book antiqua, palatino, serif;\"><strong><span style=\"font-size: 14pt;\">un cadre<br \/>\n<span style=\"color: #cc4e5c;\">Atelier crochet, tricot<\/span>&#8230;<\/span><\/strong><\/span><br \/>\n<\/span><\/span><\/span><\/span><\/span><\/p>\n<p style=\"text-align: center;\"><span style=\"font-family: book antiqua, palatino, serif;\"><strong><span style=\"font-size: 14pt;\"><span style=\"color: #808080;\"><span style=\"color: #333333;\">Les ateliers ont lieu \u00e0 Reims , rue C\u00e9r\u00e8s<\/span><br \/>\n<span style=\"color: #333333;\">Horaires, dur\u00e9e et fr\u00e9quence \u00e0 la carte<br \/>\n<\/span><br \/>\n<\/span><span style=\"color: #808080;\"><span style=\"font-family: arial, helvetica, sans-serif;\"><a href=\"https:\/\/latelierdeblandine.fr\/WordPress\/tarifs-2\/\"><span style=\"color: #333333;\">Tarifs<\/span>\u00a0<\/a><\/span><br \/>\n<\/span><\/span><br \/>\n<\/strong><\/span><\/p>\n<p><strong><span style=\"font-size: large; color: #333333;\">Pour s&rsquo;inscrire ou se renseigner contacter moi au 07.60.08.49.87<br \/>\nwww.latelierdeblandine.fr<\/span><\/strong><\/p>\n","protected":false},"excerpt":{"rendered":"<p>imaginer, cr\u00e9er, r\u00e9aliser \u00a0 \u00a0 \u00a0 \u00a0 \u00a0 \u00a0 \u00a0 \u00a0\u00a0 \u00a0 \u00a0 \u00a0 \u00a0 \u00a0 \u00a0 En toute libert\u00e9, dans la bonne humeur, en petits groupes. Depuis de nombreuses ann\u00e9es Blandine anime des ateliers pour enfants et ados. Forte de son exp\u00e9rience dans les travaux manuels elle leur apporte \u2026 <a class=\"continue-reading-link\" href=\"https:\/\/latelierdeblandine.fr\/WordPress\/latelier-des-enfants-2\/\"> Continue reading <span class=\"meta-nav\">&rarr; <\/span><\/a><\/p>\n","protected":false},"author":1,"featured_media":0,"parent":0,"menu_order":2,"comment_status":"closed","ping_status":"closed","template":"","meta":[],"_links":{"self":[{"href":"https:\/\/latelierdeblandine.fr\/WordPress\/wp-json\/wp\/v2\/pages\/46"}],"collection":[{"href":"https:\/\/latelierdeblandine.fr\/WordPress\/wp-json\/wp\/v2\/pages"}],"about":[{"href":"https:\/\/latelierdeblandine.fr\/WordPress\/wp-json\/wp\/v2\/types\/page"}],"author":[{"embeddable":true,"href":"https:\/\/latelierdeblandine.fr\/WordPress\/wp-json\/wp\/v2\/users\/1"}],"replies":[{"embeddable":true,"href":"https:\/\/latelierdeblandine.fr\/WordPress\/wp-json\/wp\/v2\/comments?post=46"}],"version-history":[{"count":378,"href":"https:\/\/latelierdeblandine.fr\/WordPress\/wp-json\/wp\/v2\/pages\/46\/revisions"}],"predecessor-version":[{"id":16491,"href":"https:\/\/latelierdeblandine.fr\/WordPress\/wp-json\/wp\/v2\/pages\/46\/revisions\/16491"}],"wp:attachment":[{"href":"https:\/\/latelierdeblandine.fr\/WordPress\/wp-json\/wp\/v2\/media?parent=46"}],"curies":[{"name":"wp","href":"https:\/\/api.w.org\/{rel}","templated":true}]}}