{"id":3572,"date":"2014-07-18T17:06:21","date_gmt":"2014-07-18T15:06:21","guid":{"rendered":"http:\/\/latelierdeblandine.fr\/WordPress\/?page_id=3572"},"modified":"2026-02-11T17:23:04","modified_gmt":"2026-02-11T16:23:04","slug":"tarifs-2","status":"publish","type":"page","link":"https:\/\/latelierdeblandine.fr\/WordPress\/tarifs-2\/","title":{"rendered":"Tarifs"},"content":{"rendered":"<p style=\"text-align: center;\"><span style=\"font-size: 14pt;\"><strong><span style=\"font-family: book antiqua,palatino; color: #cc4e5c;\">Tarifs adultes :<\/span><\/strong><\/span><\/p>\n<p style=\"text-align: center;\"><span style=\"color: #808080; font-size: 14pt;\"><strong><span style=\"font-family: book antiqua,palatino;\">Forfait 20 heures : 320\u20ac<br \/>\nForfait 10 heures : <\/span><span style=\"font-family: 'book antiqua', palatino;\">180\u20ac<\/span><\/strong><\/span><br \/>\n<span style=\"color: #808080; font-size: 14pt;\"><strong><span style=\"font-family: 'book antiqua', palatino;\">Le<\/span><span style=\"font-family: 'book antiqua', palatino;\"> forfait est valable dans les diff\u00e9rents ateliers.<\/span><\/strong><\/span><br \/>\n<strong><span style=\"font-size: large; font-family: book antiqua,palatino; color: #808080;\">&nbsp;<em><br \/>\n<\/em>C<span style=\"font-size: 14pt;\">ours \u00e0 la carte dans ces m\u00eames atelie<\/span>rs :<\/span><\/strong><br \/>\n<span style=\"font-size: 14pt;\"><strong><span style=\"font-family: 'book antiqua', palatino; color: #808080;\">&nbsp;2h : 40\u20ac, 3h : 60\u20ac&#8230;<\/span><\/strong><\/span><\/p>\n<p style=\"text-align: center;\"><span style=\"font-size: 14pt; font-family: 'book antiqua', palatino, serif;\"><strong><span style=\"color: #808080;\"><a href=\":%20http:\/\/latelierdeblandine.fr\/WordPress\/tarifs\"><span style=\"color: #cc4e5c;\">Tarifs enfants :&nbsp;<\/span><\/a><\/span><\/strong><\/span><\/p>\n<p style=\"text-align: center;\"><span style=\"color: #808080;\"><strong><span style=\"font-family: 'book antiqua', palatino, serif;\"><span style=\"font-size: 12pt;\">Forfa<span style=\"font-size: 14pt;\">it 10 heures : 130\u20ac<\/span><\/span><br \/>\n<span style=\"font-size: 14pt;\">Forfait 8 heures : 110\u20ac<\/span><br \/>\n<span style=\"font-size: 14pt;\">Forfait 6 heures : 85\u20ac<\/span><br \/>\n<span style=\"font-size: 14pt;\">forfait d\u00e9couverte 2 heures : 30\u20ac<\/span><\/span><\/strong><\/span><\/p>\n<p style=\"text-align: center;\"><span style=\"font-size: 14pt; font-family: 'book antiqua', palatino, serif;\"><strong><span style=\"color: #808080;\"><a href=\":%20http:\/\/latelierdeblandine.fr\/WordPress\/tarifs\"><span style=\"color: #cc4e5c;\">Ate<span style=\"font-size: 14pt;\">lier Adulte &#8211; enfant<\/span><\/span><\/a><\/span><\/strong><\/span><\/p>\n<p style=\"text-align: center;\"><span style=\"font-size: 14pt;\"><strong><span style=\"font-family: book antiqua,palatino,serif; color: #808080;\">20\u20ac\/ heure<\/span><\/strong><\/span><span style=\"font-size: large;\"><strong><span style=\"color: #808080;\"><span style=\"font-family: book antiqua,palatino,serif;\"><br \/>\n<\/span><\/span><\/strong><\/span><\/p>\n<p><span style=\"font-family: book antiqua, palatino, serif; font-size: 12pt; color: #808080;\">&nbsp; Le mat\u00e9riel et les fournitures de base sont compris dans le forfait.&nbsp;<\/span><br \/>\n<span style=\"font-size: large;\"><strong><span style=\"color: #808080;\"><span style=\"font-family: book antiqua,palatino,serif;\">&nbsp;<\/span><\/span><\/strong><\/span><span style=\"color: #808080;\"><span style=\"font-family: book antiqua,palatino,serif;\"><span style=\"font-size: 12pt;\">Le forfait reste valable toute l&rsquo;ann\u00e9e<\/span><span style=\"font-size: large;\"><br \/>\n<\/span><span style=\"font-size: medium;\">Facture d\u00e9livr\u00e9e&nbsp; sur demande pour les comit\u00e9s d&rsquo;entreprise<\/span><\/span><\/span><\/p>\n<p style=\"text-align: center;\"><span style=\"font-size: large;\"><span style=\"color: #808080; font-family: georgia,palatino,serif;\">&nbsp;<\/span><\/span><\/p>\n<p style=\"text-align: left;\"><span style=\"color: #808080;\">&nbsp;<\/span><\/p>\n","protected":false},"excerpt":{"rendered":"<p>Tarifs adultes : Forfait 20 heures : 320\u20ac Forfait 10 heures : 180\u20ac Le forfait est valable dans les diff\u00e9rents ateliers. &nbsp; Cours \u00e0 la carte dans ces m\u00eames ateliers : &nbsp;2h : 40\u20ac, 3h : 60\u20ac&#8230; Tarifs enfants :&nbsp; Forfait 10 heures : 130\u20ac Forfait 8 heures : 110\u20ac \u2026 <a class=\"continue-reading-link\" href=\"https:\/\/latelierdeblandine.fr\/WordPress\/tarifs-2\/\"> Continue reading <span class=\"meta-nav\">&rarr; <\/span><\/a><\/p>\n","protected":false},"author":1,"featured_media":0,"parent":0,"menu_order":3,"comment_status":"closed","ping_status":"closed","template":"","meta":[],"_links":{"self":[{"href":"https:\/\/latelierdeblandine.fr\/WordPress\/wp-json\/wp\/v2\/pages\/3572"}],"collection":[{"href":"https:\/\/latelierdeblandine.fr\/WordPress\/wp-json\/wp\/v2\/pages"}],"about":[{"href":"https:\/\/latelierdeblandine.fr\/WordPress\/wp-json\/wp\/v2\/types\/page"}],"author":[{"embeddable":true,"href":"https:\/\/latelierdeblandine.fr\/WordPress\/wp-json\/wp\/v2\/users\/1"}],"replies":[{"embeddable":true,"href":"https:\/\/latelierdeblandine.fr\/WordPress\/wp-json\/wp\/v2\/comments?post=3572"}],"version-history":[{"count":169,"href":"https:\/\/latelierdeblandine.fr\/WordPress\/wp-json\/wp\/v2\/pages\/3572\/revisions"}],"predecessor-version":[{"id":16480,"href":"https:\/\/latelierdeblandine.fr\/WordPress\/wp-json\/wp\/v2\/pages\/3572\/revisions\/16480"}],"wp:attachment":[{"href":"https:\/\/latelierdeblandine.fr\/WordPress\/wp-json\/wp\/v2\/media?parent=3572"}],"curies":[{"name":"wp","href":"https:\/\/api.w.org\/{rel}","templated":true}]}}