{"id":35,"date":"2013-12-30T14:41:42","date_gmt":"2013-12-30T13:41:42","guid":{"rendered":"http:\/\/latelierdeblandine.fr\/WordPress\/?page_id=35"},"modified":"2022-12-23T13:46:11","modified_gmt":"2022-12-23T12:46:11","slug":"atelier-abat-jour-2","status":"publish","type":"page","link":"https:\/\/latelierdeblandine.fr\/WordPress\/atelier-abat-jour-2\/","title":{"rendered":"L&rsquo;atelier abat-jour"},"content":{"rendered":"<h2 style=\"text-align: center;\"><span style=\"color: #808080; font-size: 14pt; font-family: book antiqua, palatino, serif;\"><a style=\"color: #808080;\" href=\"https:\/\/latelierdeblandine.fr\/WordPress\/wp-content\/uploads\/2021\/02\/P1030386-e1645111490671.jpg\"><img decoding=\"async\" loading=\"lazy\" class=\"wp-image-14888 aligncenter\" src=\"https:\/\/latelierdeblandine.fr\/WordPress\/wp-content\/uploads\/2021\/02\/P1030386-300x300.jpg\" alt=\"\" width=\"207\" height=\"207\" \/><\/a><strong><br \/>\nSans comp\u00e9tence particuli\u00e8re,vous serez \u00e0 m\u00eame de cr\u00e9er de jolis abat-jour, \u00e0 votre go\u00fbt, assortis \u00e0 votre d\u00e9coration<\/strong><\/span><\/h2>\n<p><strong><span style=\"font-size: large;\"><span style=\"color: #cc4e5c;\">R\u00e9nover<\/span> <span style=\"color: #808080;\">un vieil abat jour \u00e0 partir d&rsquo;une ancienne carcasse<\/span><br \/>\n<\/span><span style=\"font-size: large;\"><span style=\"color: #cc4e5c;\">Personnaliser<\/span> <span style=\"color: #808080;\">un abat jour trouv\u00e9 dans le commerce<\/span><br \/>\n<\/span><span style=\"color: #cc4e5c; font-size: large;\">Cr\u00e9er<\/span><span style=\"font-size: large;\"><span style=\"color: #808080;\"> votre abat jour \u00e0 partir des patrons propos\u00e9s<\/span><\/span><\/strong><\/p>\n<p style=\"text-align: center;\"><span style=\"font-size: large;\"><strong><span style=\"color: #808080;\">\u00a0 Vous apprendrez lors des ateliers \u00e0 utiliser les<\/span><span style=\"color: #cc4e5c;\"> carcasses<\/span> <span style=\"color: #808080;\">et les<\/span><span style=\"color: #cc4e5c;\"> cercles<\/span><\/strong><span style=\"color: #808080;\"><strong>,<\/strong><br \/>\n<\/span><\/span><strong><span style=\"font-size: large;\"><span style=\"color: #808080;\">\u00a0 \u00a0\u00a0 \u00e0 choisir la forme de votre abat-jour pour un type de pied de lampe,<br \/>\n<\/span><\/span><span style=\"font-size: large;\"><span style=\"color: #808080;\">\u00a0 \u00a0\u00a0 \u00e0 utiliser tissus, papiers ou broderies que vous avez r\u00e9alis\u00e9es ou chin\u00e9es.<\/span><\/span><\/strong><\/p>\n<p><span style=\"font-size: large; color: #808080;\"><br \/>\n<span style=\"font-family: book antiqua, palatino, serif; font-size: 14pt;\"><strong>les ateliers ont lieu \u00e0 Reims<\/strong><\/span><br \/>\n<span style=\"font-family: book antiqua, palatino, serif; font-size: 14pt;\"><strong>Horaires et fr\u00e9quence \u00e0 la carte<\/strong><\/span><br \/>\n<span style=\"font-family: book antiqua, palatino, serif; font-size: 14pt;\"><strong><a href=\"http:\/\/latelierdeblandine.fr\/WordPress\/les-ateliers\/tarifs\">Tarifs<\/a><\/strong><\/span><br \/>\n<span style=\"font-family: book antiqua, palatino, serif; font-size: 14pt;\"><strong><a href=\"http:\/\/latelierdeblandine.fr\/WordPress\/bestwebsoft_contact_form\">\u00a0Inscrivez vous<\/a> au 07.60.08.49.87 ou <\/strong><\/span><a href=\"http:\/\/latelierdeblandine.fr\/WordPress\/bestwebsoft_contact_form\"><strong><span style=\"font-family: book antiqua, palatino, serif; font-size: 14pt;\">contact<\/span><\/strong><\/a><\/span><\/p>\n<p><span style=\"color: #808080;\"><br \/>\n<\/span><br \/>\n<span style=\"color: #808080;\">\u00a0<\/span><br \/>\n<span style=\"color: #808080;\">\u00a0 \u00a0 \u00a0\u00a0<\/span><\/p>\n<table class=\" aligncenter\" style=\"width: 640px;\" border=\"0\" cellspacing=\"0\" cellpadding=\"0\">\n<tbody>\n<tr>\n<td><span style=\"font-size: large; color: #808080;\">\u00a0<\/span><\/td>\n<td><span style=\"font-size: large; color: #808080;\">\u00a0<\/span><\/td>\n<\/tr>\n<\/tbody>\n<\/table>\n<p style=\"text-align: center;\"><span style=\"color: #808080;\">\u00a0<\/span><\/p>\n<p style=\"text-align: center;\">\n<p><span style=\"line-height: 24px;\">\u00a0<\/span><\/p>\n<p style=\"text-align: center;\">\n","protected":false},"excerpt":{"rendered":"<p>Sans comp\u00e9tence particuli\u00e8re,vous serez \u00e0 m\u00eame de cr\u00e9er de jolis abat-jour, \u00e0 votre go\u00fbt, assortis \u00e0 votre d\u00e9coration R\u00e9nover un vieil abat jour \u00e0 partir d&rsquo;une ancienne carcasse Personnaliser un abat jour trouv\u00e9 dans le commerce Cr\u00e9er votre abat jour \u00e0 partir des patrons propos\u00e9s \u00a0 Vous apprendrez lors des \u2026 <a class=\"continue-reading-link\" href=\"https:\/\/latelierdeblandine.fr\/WordPress\/atelier-abat-jour-2\/\"> Continue reading <span class=\"meta-nav\">&rarr; <\/span><\/a><\/p>\n","protected":false},"author":1,"featured_media":0,"parent":0,"menu_order":4,"comment_status":"closed","ping_status":"closed","template":"","meta":[],"_links":{"self":[{"href":"https:\/\/latelierdeblandine.fr\/WordPress\/wp-json\/wp\/v2\/pages\/35"}],"collection":[{"href":"https:\/\/latelierdeblandine.fr\/WordPress\/wp-json\/wp\/v2\/pages"}],"about":[{"href":"https:\/\/latelierdeblandine.fr\/WordPress\/wp-json\/wp\/v2\/types\/page"}],"author":[{"embeddable":true,"href":"https:\/\/latelierdeblandine.fr\/WordPress\/wp-json\/wp\/v2\/users\/1"}],"replies":[{"embeddable":true,"href":"https:\/\/latelierdeblandine.fr\/WordPress\/wp-json\/wp\/v2\/comments?post=35"}],"version-history":[{"count":153,"href":"https:\/\/latelierdeblandine.fr\/WordPress\/wp-json\/wp\/v2\/pages\/35\/revisions"}],"predecessor-version":[{"id":15660,"href":"https:\/\/latelierdeblandine.fr\/WordPress\/wp-json\/wp\/v2\/pages\/35\/revisions\/15660"}],"wp:attachment":[{"href":"https:\/\/latelierdeblandine.fr\/WordPress\/wp-json\/wp\/v2\/media?parent=35"}],"curies":[{"name":"wp","href":"https:\/\/api.w.org\/{rel}","templated":true}]}}