{"id":31,"date":"2013-12-30T14:40:04","date_gmt":"2013-12-30T13:40:04","guid":{"rendered":"http:\/\/latelierdeblandine.fr\/WordPress\/?page_id=31"},"modified":"2022-12-23T13:34:16","modified_gmt":"2022-12-23T12:34:16","slug":"atelier-cartonnage-reliure","status":"publish","type":"page","link":"https:\/\/latelierdeblandine.fr\/WordPress\/atelier-cartonnage-reliure\/","title":{"rendered":"L&rsquo;atelier cartonnage"},"content":{"rendered":"<p><span style=\"color: #808080;\"><strong><span style=\"font-size: 14pt;\"><span style=\"font-family: 'book antiqua', palatino;\">\u00a0\u00a0\u00a0\u00a0\u00a0 \u00a0 \u00a0 Cr\u00e9er R\u00e9aliser D\u00e9corer Adapter<\/span> \u00a0 \u00a0 \u00a0 \u00a0\u00a0 \u00a0\u00a0<\/span><\/strong><\/span><\/p>\n<p style=\"text-align: center;\"><span style=\"color: #808080;\"><strong><span style=\"font-size: 14pt;\"><span style=\"font-family: 'book antiqua', palatino;\">\u00a0\u00a0\u00a0 Apprendre les diff\u00e9rentes techniques du cartonnage pour :<\/span><\/span><\/strong><\/span><\/p>\n<p style=\"text-align: center;\"><span style=\"color: #808080;\"><strong><span style=\"font-size: 14pt;\">Cr\u00e9er un objet objet original<br \/>\n<span style=\"font-family: 'book antiqua', palatino;\">Le r\u00e9aliser sur mesure<br \/>\nL&rsquo;adapter \u00e0 sa d\u00e9coration<br \/>\nRelier ses livres, se faire son agenda<\/span><\/span><\/strong><\/span><\/p>\n<p style=\"text-align: center;\"><span style=\"color: #808080;\"><strong><span style=\"font-size: 14pt;\">\u00a0Bo\u00eete \u00e0 foulards, boite \u00e0 courrier, album photo personnalis\u00e9, bo\u00eete \u00e0 chapeaux, sous-main, reproduction d&rsquo;objets vieillis, livre de recettes&#8230;<\/span><\/strong><\/span><\/p>\n<p style=\"text-align: center;\"><span style=\"color: #808080;\"><strong><span style=\"font-size: 14pt;\">Les ateliers ont lieu \u00e0 Reims<br \/>\nHoraires et fr\u00e9quences \u00e0 la carte<\/span><\/strong><\/span><\/p>\n<p style=\"text-align: center;\"><span style=\"color: #808080;\"><strong><span style=\"font-size: 14pt;\"><br \/>\n<a style=\"color: #808080;\" href=\"http:\/\/latelierdeblandine.fr\/WordPress\/les-ateliers\/tarifs\">Tarifs <\/a><br \/>\n<span style=\"font-family: Calibri;\">\u00a0 Pour tous renseignements me contacter au 07.60.08.49.87 \u00a0ou <a style=\"color: #808080;\" href=\"http:\/\/latelierdeblandine.fr\/WordPress\/bestwebsoft_contact_form\">contact<\/a><\/span><\/span><\/strong><\/span><\/p>\n<p style=\"text-align: center;\">\n<p><center><\/center><center><span style=\"color: #808080;\"><strong><span style=\"font-size: 14pt;\"><span style=\"font-family: Calibri;\">\u00a0 \u00a0 \u00a0 \u00a0 \u00a0 \u00a0 <\/span><span style=\"font-family: Calibri;\">\u00a0 <\/span><span style=\"font-family: Calibri;\">\u00a0 \u00a0<\/span><span style=\"font-family: Calibri;\">\u00a0 \u00a0 \u00a0 \u00a0 \u00a0 \u00a0 \u00a0 \u00a0 \u00a0 \u00a0 \u00a0 \u00a0 \u00a0 \u00a0 \u00a0 \u00a0 \u00a0 \u00a0 \u00a0 \u00a0 \u00a0<span style=\"font-family: 'book antiqua', palatino;\">\u00a0 \u00a0 \u00a0 \u00a0 \u00a0 \u00a0 \u00a0 \u00a0 \u00a0 \u00a0 \u00a0 \u00a0 \u00a0 \u00a0 \u00a0 \u00a0 \u00a0 \u00a0 \u00a0<\/span><\/span><\/span><\/strong><\/span><\/center><\/p>\n","protected":false},"excerpt":{"rendered":"<p>\u00a0\u00a0\u00a0\u00a0\u00a0 \u00a0 \u00a0 Cr\u00e9er R\u00e9aliser D\u00e9corer Adapter \u00a0 \u00a0 \u00a0 \u00a0\u00a0 \u00a0\u00a0 \u00a0\u00a0\u00a0 Apprendre les diff\u00e9rentes techniques du cartonnage pour : Cr\u00e9er un objet objet original Le r\u00e9aliser sur mesure L&rsquo;adapter \u00e0 sa d\u00e9coration Relier ses livres, se faire son agenda \u00a0Bo\u00eete \u00e0 foulards, boite \u00e0 courrier, album photo personnalis\u00e9, \u2026 <a class=\"continue-reading-link\" href=\"https:\/\/latelierdeblandine.fr\/WordPress\/atelier-cartonnage-reliure\/\"> Continue reading <span class=\"meta-nav\">&rarr; <\/span><\/a><\/p>\n","protected":false},"author":1,"featured_media":0,"parent":0,"menu_order":6,"comment_status":"closed","ping_status":"closed","template":"","meta":[],"_links":{"self":[{"href":"https:\/\/latelierdeblandine.fr\/WordPress\/wp-json\/wp\/v2\/pages\/31"}],"collection":[{"href":"https:\/\/latelierdeblandine.fr\/WordPress\/wp-json\/wp\/v2\/pages"}],"about":[{"href":"https:\/\/latelierdeblandine.fr\/WordPress\/wp-json\/wp\/v2\/types\/page"}],"author":[{"embeddable":true,"href":"https:\/\/latelierdeblandine.fr\/WordPress\/wp-json\/wp\/v2\/users\/1"}],"replies":[{"embeddable":true,"href":"https:\/\/latelierdeblandine.fr\/WordPress\/wp-json\/wp\/v2\/comments?post=31"}],"version-history":[{"count":240,"href":"https:\/\/latelierdeblandine.fr\/WordPress\/wp-json\/wp\/v2\/pages\/31\/revisions"}],"predecessor-version":[{"id":15633,"href":"https:\/\/latelierdeblandine.fr\/WordPress\/wp-json\/wp\/v2\/pages\/31\/revisions\/15633"}],"wp:attachment":[{"href":"https:\/\/latelierdeblandine.fr\/WordPress\/wp-json\/wp\/v2\/media?parent=31"}],"curies":[{"name":"wp","href":"https:\/\/api.w.org\/{rel}","templated":true}]}}