{"id":3052,"date":"2014-05-10T15:08:43","date_gmt":"2014-05-10T13:08:43","guid":{"rendered":"http:\/\/latelierdeblandine.fr\/WordPress\/?page_id=3052"},"modified":"2017-01-24T10:52:14","modified_gmt":"2017-01-24T09:52:14","slug":"conditions-generales-de-vente-cgv","status":"publish","type":"page","link":"https:\/\/latelierdeblandine.fr\/WordPress\/conditions-generales-de-vente-cgv\/","title":{"rendered":"CGV"},"content":{"rendered":"<h3 align=\"center\"><span style=\"font-family: 'book antiqua', palatino;\"><strong>L&rsquo;atelier de Blandine\u00a0<\/strong>est une entreprise individuelle inscrite au r\u00e9gime d&rsquo;auto-entrepreneur sous le <strong>num\u00e9ro SIRET\u00a0 534 535 547 00010<\/strong><\/span><\/h3>\n<p><span style=\"font-family: 'book antiqua', palatino; font-size: medium;\">Le site est la propri\u00e9t\u00e9 de <strong>L&rsquo;atelier de Blandine\u00a0<\/strong>en sa totalit\u00e9, ainsi que l&rsquo;ensemble des droits y aff\u00e9rents. Toute reproduction, int\u00e9grale ou partielle, est syst\u00e9matiquement soumise a l&rsquo;autorisation des propri\u00e9taires.<\/span><\/p>\n<p><span style=\"font-family: 'book antiqua', palatino; font-size: medium;\"><strong>1 : Acceptation des conditions de vente<br \/><\/strong>Toute commande pass\u00e9e par mail, ou courrier vaut pour acceptation enti\u00e8re et totale des conditions g\u00e9n\u00e9rales de vente.<br \/><strong>L&rsquo;atelier de Blandine\u00a0<\/strong>s&rsquo;engage \u00e0 respecter les obligations dans le cadre de ces conditions g\u00e9n\u00e9rales.<\/span><br \/><span style=\"font-family: 'book antiqua', palatino; font-size: medium;\">Ces conditions g\u00e9n\u00e9rales sont susceptibles de subir des modifications. Dans ce cas, les conditions applicables seront celles en vigueur sur ce site \u00e0 la date de la commande.<\/span><\/p>\n<p><span style=\"font-family: 'book antiqua', palatino; font-size: medium;\"><strong>2 : Passer une commande<br \/><\/strong>Pour passer une commande, envoyer un message via <a href=\"http:\/\/latelierdeblandine.fr\/WordPress\/bestwebsoft_contact_form\">\u00ab\u00a0contact\u00a0\u00bb\u00a0<\/a>en pr\u00e9cisant le nom de l\u2019article la r\u00e9f\u00e9rence du tissu ou coloris et la taille d\u00e9sir\u00e9e.<\/span><br \/><span style=\"font-family: 'book antiqua', palatino; font-size: medium;\">D\u00e9s r\u00e9ception de votre<a href=\"http:\/\/latelierdeblandine.fr\/WordPress\/bestwebsoft_contact_form\"> mail de commande<\/a> nous vous confirmerons le d\u00e9lai de livraison\u00a0(compter une \u00e0 deux semaines apr\u00e8s r\u00e9ception du paiement).<br \/><strong>Mode de r\u00e8glement<\/strong> : par ch\u00e8que bancaire \u00e0 l\u2019ordre de Blandine Robert<br \/><strong>Frais d\u2019exp\u00e9dition:<\/strong> 5 \u20ac<br \/>Pr\u00e9ciser si vous voulez un emballage cadeau (suppl\u00e9ment 1\u20ac).<\/span><br \/><span style=\"font-family: 'book antiqua', palatino; font-size: medium;\">Les articles sont exp\u00e9di\u00e9s par lettre Max ou colissimo.<br \/>Un email de confirmation vous sera envoy\u00e9, pr\u00e9cisant votre commande, les frais de port et le total \u00e0 r\u00e9gler.<\/span><\/p>\n<p><span style=\"font-family: 'book antiqua', palatino; font-size: medium;\"><strong>3 : Les tarifs<br \/><\/strong>Les prix sont exprim\u00e9s en euros, toutes taxes comprises, et s&rsquo;entendent hors frais de port; Ceux ci seront calcul\u00e9s en fonction de la commande et indiqu\u00e9s au moment de la facturation.<br \/>Pour les frais de port hors de la France, ils seront calcul\u00e9s en fonction du pays de destination et du mode de livraison choisi.<\/span><\/p>\n<p><span style=\"font-family: 'book antiqua', palatino; font-size: medium;\"><strong>4 : Droits de r\u00e9tractation\u00a0<br \/><\/strong>Le droit de r\u00e9tractation ne s\u2019applique qu\u2019aux personnes physiques.<br \/>Conform\u00e9ment aux articles L. 120-20, le consommateur dispose d\u2019un d\u00e9lai de sept (7) jours calendaires pour retourner, les produits ne lui convenant pas. Ce d\u00e9lai court \u00e0 compter du jour de la r\u00e9ception de la commande du consommateur. Tout retour pourra \u00eatre signal\u00e9 au pr\u00e9alable aupr\u00e8s de <strong>L&rsquo;atelier de Blandine<\/strong>.\u00a0<br \/>Seuls seront repris les produits renvoy\u00e9s dans leur ensemble, dans leur emballage d\u2019origine complet et intact, et en parfait \u00e9tat de revente. Tout produit qui aura \u00e9t\u00e9 ab\u00eem\u00e9, ou dont leur emballage d\u2019origine aura \u00e9t\u00e9 d\u00e9t\u00e9rior\u00e9, ne sera ni rembours\u00e9, ni repris, ni \u00e9chang\u00e9. Ce droit de r\u00e9tractation s\u2019exerce sans p\u00e9nalit\u00e9, \u00e0 l\u2019exception des frais d\u2019envoi et de retour. Dans l\u2019hypoth\u00e8se de l\u2019exercice du droit de r\u00e9tractation, le consommateur a le choix de demander soit le remboursement des sommes vers\u00e9es, soit l\u2019\u00e9change du produit. Dans le cas d\u2019un \u00e9change, la r\u00e9exp\u00e9dition se fera aux frais du consommateur.<br \/>En cas d\u2019exercice du droit de r\u00e9tractation, <strong>L&rsquo;atelier de Blandine\u00a0<\/strong>remboursera le consommateur dans un d\u00e9lai de trente jours.<\/span><\/p>\n<p><span style=\"font-family: 'book antiqua', palatino; font-size: medium;\"><strong>5 : Protection des donn\u00e9es personnelles<br \/><\/strong>Toutes les donn\u00e9es renseign\u00e9es sur le site ont pour objet de pouvoir traiter vos commandes.<\/span><br \/><span style=\"font-family: 'book antiqua', palatino; font-size: medium;\">En vertu de la loi n\u00b0 78-17 du 6 janvier 1978 relative \u00e0 l\u2019informatique, aux fichiers et aux libert\u00e9s, vous disposez aupr\u00e8s de<strong>\u00a0L&rsquo;atelier de Blandine\u00a0<\/strong>d\u2019un droit de rectification, de consultation , de modification et de suppression des donn\u00e9es que vous nous avez communiqu\u00e9es. Ce droit peut \u00e9galement \u00eatre exerc\u00e9 en ligne.<\/span><\/p>\n","protected":false},"excerpt":{"rendered":"<p>L&rsquo;atelier de Blandine\u00a0est une entreprise individuelle inscrite au r\u00e9gime d&rsquo;auto-entrepreneur sous le num\u00e9ro SIRET\u00a0 534 535 547 00010 Le site est la propri\u00e9t\u00e9 de L&rsquo;atelier de Blandine\u00a0en sa totalit\u00e9, ainsi que l&rsquo;ensemble des droits y aff\u00e9rents. Toute reproduction, int\u00e9grale ou partielle, est syst\u00e9matiquement soumise a l&rsquo;autorisation des propri\u00e9taires. 1 : \u2026 <a class=\"continue-reading-link\" href=\"https:\/\/latelierdeblandine.fr\/WordPress\/conditions-generales-de-vente-cgv\/\"> Continue reading <span class=\"meta-nav\">&rarr; <\/span><\/a><\/p>\n","protected":false},"author":1,"featured_media":0,"parent":0,"menu_order":6,"comment_status":"closed","ping_status":"closed","template":"","meta":[],"_links":{"self":[{"href":"https:\/\/latelierdeblandine.fr\/WordPress\/wp-json\/wp\/v2\/pages\/3052"}],"collection":[{"href":"https:\/\/latelierdeblandine.fr\/WordPress\/wp-json\/wp\/v2\/pages"}],"about":[{"href":"https:\/\/latelierdeblandine.fr\/WordPress\/wp-json\/wp\/v2\/types\/page"}],"author":[{"embeddable":true,"href":"https:\/\/latelierdeblandine.fr\/WordPress\/wp-json\/wp\/v2\/users\/1"}],"replies":[{"embeddable":true,"href":"https:\/\/latelierdeblandine.fr\/WordPress\/wp-json\/wp\/v2\/comments?post=3052"}],"version-history":[{"count":8,"href":"https:\/\/latelierdeblandine.fr\/WordPress\/wp-json\/wp\/v2\/pages\/3052\/revisions"}],"predecessor-version":[{"id":3054,"href":"https:\/\/latelierdeblandine.fr\/WordPress\/wp-json\/wp\/v2\/pages\/3052\/revisions\/3054"}],"wp:attachment":[{"href":"https:\/\/latelierdeblandine.fr\/WordPress\/wp-json\/wp\/v2\/media?parent=3052"}],"curies":[{"name":"wp","href":"https:\/\/api.w.org\/{rel}","templated":true}]}}