{"id":12702,"date":"2019-12-03T13:13:55","date_gmt":"2019-12-03T12:13:55","guid":{"rendered":"https:\/\/latelierdeblandine.fr\/WordPress\/?page_id=12702"},"modified":"2025-10-30T13:54:12","modified_gmt":"2025-10-30T12:54:12","slug":"accueil","status":"publish","type":"page","link":"https:\/\/latelierdeblandine.fr\/WordPress\/","title":{"rendered":"Accueil"},"content":{"rendered":"\n<div class=\"wp-block-columns is-layout-flex wp-container-13\">\n<div class=\"wp-block-column is-layout-flow\" style=\"flex-basis:100%\">\n<p class=\"has-text-align-center\"><\/p>\n\n\n\n<div class=\"wp-block-columns is-layout-flex wp-container-4\">\n<div class=\"wp-block-column is-layout-flow\"><\/div>\n\n\n\n<div class=\"wp-block-column is-layout-flow\"><\/div>\n\n\n\n<div class=\"wp-block-column is-layout-flow\"><\/div>\n<\/div>\n\n\n\n<div class=\"wp-block-columns is-layout-flex wp-container-11\">\n<div class=\"wp-block-column is-layout-flow\">\n<div class=\"wp-block-media-text alignwide is-stacked-on-mobile\" style=\"grid-template-columns:85% auto\"><figure class=\"wp-block-media-text__media\"><img decoding=\"async\" loading=\"lazy\" width=\"1024\" height=\"1024\" src=\"https:\/\/latelierdeblandine.fr\/WordPress\/wp-content\/uploads\/2025\/10\/IMG_20201011_093213-1-1024x1024.jpg\" alt=\"\" class=\"wp-image-16376 size-full\" srcset=\"https:\/\/latelierdeblandine.fr\/WordPress\/wp-content\/uploads\/2025\/10\/IMG_20201011_093213-1-1024x1024.jpg 1024w, https:\/\/latelierdeblandine.fr\/WordPress\/wp-content\/uploads\/2025\/10\/IMG_20201011_093213-1-300x300.jpg 300w, https:\/\/latelierdeblandine.fr\/WordPress\/wp-content\/uploads\/2025\/10\/IMG_20201011_093213-1-150x150.jpg 150w, https:\/\/latelierdeblandine.fr\/WordPress\/wp-content\/uploads\/2025\/10\/IMG_20201011_093213-1-768x768.jpg 768w, https:\/\/latelierdeblandine.fr\/WordPress\/wp-content\/uploads\/2025\/10\/IMG_20201011_093213-1-64x64.jpg 64w, https:\/\/latelierdeblandine.fr\/WordPress\/wp-content\/uploads\/2025\/10\/IMG_20201011_093213-1-270x270.jpg 270w, https:\/\/latelierdeblandine.fr\/WordPress\/wp-content\/uploads\/2025\/10\/IMG_20201011_093213-1-80x80.jpg 80w, https:\/\/latelierdeblandine.fr\/WordPress\/wp-content\/uploads\/2025\/10\/IMG_20201011_093213-1-1536x1536.jpg 1536w, https:\/\/latelierdeblandine.fr\/WordPress\/wp-content\/uploads\/2025\/10\/IMG_20201011_093213-1.jpg 1920w\" sizes=\"(max-width: 1024px) 100vw, 1024px\" \/><\/figure><div class=\"wp-block-media-text__content\">\n<p><\/p>\n<\/div><\/div>\n<\/div>\n\n\n\n<div class=\"wp-block-column is-layout-flow\">\n<div class=\"wp-block-media-text alignwide is-stacked-on-mobile\" style=\"grid-template-columns:85% auto\"><figure class=\"wp-block-media-text__media\"><img decoding=\"async\" loading=\"lazy\" width=\"893\" height=\"886\" src=\"https:\/\/latelierdeblandine.fr\/WordPress\/wp-content\/uploads\/2025\/10\/20210409_234235-1.jpg\" alt=\"\" class=\"wp-image-16377 size-full\" srcset=\"https:\/\/latelierdeblandine.fr\/WordPress\/wp-content\/uploads\/2025\/10\/20210409_234235-1.jpg 893w, https:\/\/latelierdeblandine.fr\/WordPress\/wp-content\/uploads\/2025\/10\/20210409_234235-1-300x298.jpg 300w, https:\/\/latelierdeblandine.fr\/WordPress\/wp-content\/uploads\/2025\/10\/20210409_234235-1-150x150.jpg 150w, https:\/\/latelierdeblandine.fr\/WordPress\/wp-content\/uploads\/2025\/10\/20210409_234235-1-768x762.jpg 768w, https:\/\/latelierdeblandine.fr\/WordPress\/wp-content\/uploads\/2025\/10\/20210409_234235-1-64x64.jpg 64w, https:\/\/latelierdeblandine.fr\/WordPress\/wp-content\/uploads\/2025\/10\/20210409_234235-1-80x80.jpg 80w, https:\/\/latelierdeblandine.fr\/WordPress\/wp-content\/uploads\/2025\/10\/20210409_234235-1-151x150.jpg 151w\" sizes=\"(max-width: 893px) 100vw, 893px\" \/><\/figure><div class=\"wp-block-media-text__content\">\n<p><\/p>\n<\/div><\/div>\n<\/div>\n\n\n\n<div class=\"wp-block-column is-layout-flow\">\n<div class=\"wp-block-media-text alignwide is-stacked-on-mobile\" style=\"grid-template-columns:85% auto\"><figure class=\"wp-block-media-text__media\"><img decoding=\"async\" loading=\"lazy\" width=\"1024\" height=\"1024\" src=\"https:\/\/latelierdeblandine.fr\/WordPress\/wp-content\/uploads\/2024\/12\/IMG_20241213_141011_8922-1-1024x1024.jpg\" alt=\"\" class=\"wp-image-16293 size-full\"\/><\/figure><div class=\"wp-block-media-text__content\">\n<p><\/p>\n\n\n\n<div class=\"wp-block-columns is-layout-flex wp-container-9\">\n<div class=\"wp-block-column is-layout-flow\"><\/div>\n\n\n\n<div class=\"wp-block-column is-layout-flow\"><\/div>\n<\/div>\n<\/div><\/div>\n<\/div>\n<\/div>\n<\/div>\n<\/div>\n\n\n\n<h2 class=\"wp-block-heading\">Offrir une envie de coudre, la r\u00e9alisation d&rsquo;un projet \u00e0 travers <strong>un bon cadeau<\/strong><\/h2>\n\n\n\n<div class=\"wp-block-columns is-layout-flex wp-container-17\">\n<div class=\"wp-block-column is-layout-flow\">\n<h2 class=\"wp-block-heading\">La couture du quotidien<br \/>agrandir, r\u00e9tr\u00e9cir<br \/>coudre un ourlet,<br \/>une fermeture \u00e9clair<\/h2>\n<\/div>\n\n\n\n<div class=\"wp-block-column is-layout-flow\">\n<h2 class=\"wp-block-heading\">Consolider vos bases de couture.<br \/>R\u00e9aliser un projet<\/h2>\n<\/div>\n\n\n\n<div class=\"wp-block-column is-layout-flow\">\n<h2 class=\"wp-block-heading\">Redonner une autre vie aux v\u00eatements et aux tissus de nos placards<\/h2>\n<\/div>\n<\/div>\n\n\n\n<p class=\"has-text-align-center has-very-dark-gray-color has-text-color has-medium-font-size\">                                                         <br \/> <strong> Pour tout renseignement ou inscription<br \/>vous pouvez me joindre au 07 60 08 49 87<\/strong><\/p>\n\n\n\n<figure class=\"wp-block-image\"><img alt=\"\"\/><\/figure>\n\n\n\n<figure class=\"wp-block-image\"><img alt=\"\"\/><\/figure>\n\n\n\n<figure class=\"wp-block-image\"><img alt=\"\"\/><\/figure>\n\n\n\n<figure class=\"wp-block-image\"><img alt=\"\"\/><\/figure>\n\n\n\n<figure class=\"wp-block-image\"><img alt=\"\"\/><\/figure>\n\n\n\n<div class=\"wp-block-media-text alignwide is-stacked-on-mobile\"><figure class=\"wp-block-media-text__media\"><\/figure><div class=\"wp-block-media-text__content\">\n<p><\/p>\n<\/div><\/div>\n\n\n\n<figure class=\"wp-block-image\"><img alt=\"\"\/><\/figure>\n\n\n\n<h2 class=\"wp-block-heading\"><\/h2>\n\n\n\n<figure class=\"wp-block-image\"><img alt=\"\"\/><\/figure>\n\n\n\n<figure class=\"wp-block-image\"><img alt=\"\"\/><\/figure>\n\n\n\n<p><\/p>\n","protected":false},"excerpt":{"rendered":"<p>Offrir une envie de coudre, la r\u00e9alisation d&rsquo;un projet \u00e0 travers un bon cadeau La couture du quotidienagrandir, r\u00e9tr\u00e9circoudre un ourlet,une fermeture \u00e9clair Consolider vos bases de couture.R\u00e9aliser un projet Redonner une autre vie aux v\u00eatements et aux tissus de nos placards Pour tout renseignement ou inscriptionvous pouvez me joindre \u2026 <a class=\"continue-reading-link\" href=\"https:\/\/latelierdeblandine.fr\/WordPress\/\"> Continue reading <span class=\"meta-nav\">&rarr; <\/span><\/a><\/p>\n","protected":false},"author":1,"featured_media":12774,"parent":0,"menu_order":0,"comment_status":"closed","ping_status":"closed","template":"","meta":[],"_links":{"self":[{"href":"https:\/\/latelierdeblandine.fr\/WordPress\/wp-json\/wp\/v2\/pages\/12702"}],"collection":[{"href":"https:\/\/latelierdeblandine.fr\/WordPress\/wp-json\/wp\/v2\/pages"}],"about":[{"href":"https:\/\/latelierdeblandine.fr\/WordPress\/wp-json\/wp\/v2\/types\/page"}],"author":[{"embeddable":true,"href":"https:\/\/latelierdeblandine.fr\/WordPress\/wp-json\/wp\/v2\/users\/1"}],"replies":[{"embeddable":true,"href":"https:\/\/latelierdeblandine.fr\/WordPress\/wp-json\/wp\/v2\/comments?post=12702"}],"version-history":[{"count":495,"href":"https:\/\/latelierdeblandine.fr\/WordPress\/wp-json\/wp\/v2\/pages\/12702\/revisions"}],"predecessor-version":[{"id":16397,"href":"https:\/\/latelierdeblandine.fr\/WordPress\/wp-json\/wp\/v2\/pages\/12702\/revisions\/16397"}],"wp:featuredmedia":[{"embeddable":true,"href":"https:\/\/latelierdeblandine.fr\/WordPress\/wp-json\/wp\/v2\/media\/12774"}],"wp:attachment":[{"href":"https:\/\/latelierdeblandine.fr\/WordPress\/wp-json\/wp\/v2\/media?parent=12702"}],"curies":[{"name":"wp","href":"https:\/\/api.w.org\/{rel}","templated":true}]}}