{"id":12526,"date":"2019-09-04T20:02:46","date_gmt":"2019-09-04T18:02:46","guid":{"rendered":"https:\/\/latelierdeblandine.fr\/WordPress\/?page_id=12526"},"modified":"2026-02-11T17:32:36","modified_gmt":"2026-02-11T16:32:36","slug":"les-ateliers-2","status":"publish","type":"page","link":"https:\/\/latelierdeblandine.fr\/WordPress\/les-ateliers-2\/","title":{"rendered":"Les ateliers"},"content":{"rendered":"<table class=\" aligncenter\" style=\"height: 292px; width: 824px;\">\n<tbody>\n<tr style=\"height: 189px;\">\n<td style=\"width: 194.017px; height: 189px; text-align: left;\"><span style=\"font-family: book antiqua, palatino, serif; font-size: 14pt;\"><a href=\"https:\/\/latelierdeblandine.fr\/WordPress\/wp-content\/uploads\/2021\/02\/P1030348-e1614244721686.jpg\"><img decoding=\"async\" loading=\"lazy\" class=\"wp-image-14905 aligncenter\" src=\"https:\/\/latelierdeblandine.fr\/WordPress\/wp-content\/uploads\/2021\/02\/P1030348-300x300.jpg\" alt=\"\" width=\"115\" height=\"115\" \/><\/a><\/span><\/td>\n<td style=\"width: 170.933px; height: 189px;\"><span style=\"font-family: book antiqua, palatino, serif; font-size: 14pt;\"><a href=\"https:\/\/latelierdeblandine.fr\/WordPress\/wp-content\/uploads\/2021\/02\/P1030386-e1614244276327.jpg\"><img decoding=\"async\" loading=\"lazy\" class=\"wp-image-14888 aligncenter\" src=\"https:\/\/latelierdeblandine.fr\/WordPress\/wp-content\/uploads\/2021\/02\/P1030386-300x300.jpg\" alt=\"\" width=\"115\" height=\"115\" \/><\/a><\/span><\/td>\n<td style=\"width: 200.283px; height: 189px;\"><a href=\"https:\/\/latelierdeblandine.fr\/WordPress\/wp-content\/uploads\/2013\/12\/P1090607-e1388755938132.jpg\"><img decoding=\"async\" loading=\"lazy\" class=\"wp-image-158 aligncenter\" src=\"https:\/\/latelierdeblandine.fr\/WordPress\/wp-content\/uploads\/2013\/12\/P1090607-300x300.jpg\" alt=\"\" width=\"115\" height=\"115\" \/><\/a><\/td>\n<td style=\"width: 246.767px; text-align: center; height: 189px;\"><a href=\"https:\/\/latelierdeblandine.fr\/WordPress\/wp-content\/uploads\/2014\/01\/P1090616-001-e1567619790309.jpg\"><img decoding=\"async\" loading=\"lazy\" class=\"wp-image-643\" src=\"https:\/\/latelierdeblandine.fr\/WordPress\/wp-content\/uploads\/2014\/01\/P1090616-001-300x225.jpg\" alt=\"\" width=\"119\" height=\"89\" \/><\/a><\/td>\n<\/tr>\n<tr style=\"height: 26.05px;\">\n<td style=\"width: 194.017px; text-align: center; height: 26.05px;\"><span style=\"color: #808080; font-family: book antiqua, palatino, serif; font-size: 14pt;\"><strong>Fleurs s\u00e9ch\u00e9es<\/strong><\/span><\/td>\n<td style=\"width: 170.933px; text-align: center; height: 26.05px;\"><span style=\"color: #808080; font-family: book antiqua, palatino, serif; font-size: 14pt;\"><strong>Abat-jour<\/strong><\/span><\/td>\n<td style=\"width: 200.283px; text-align: center; height: 26.05px;\"><a href=\"https:\/\/latelierdeblandine.fr\/WordPress\/latelier-couture\/\"><span style=\"color: #808080; font-size: 14pt; font-family: book antiqua, palatino, serif;\"><strong>Couture<\/strong><\/span><\/a><\/td>\n<td style=\"width: 246.767px; text-align: center; height: 26.05px;\"><span style=\"color: #808080; font-size: 14pt; font-family: book antiqua, palatino, serif;\"><strong>Cartonnage<\/strong><\/span><\/td>\n<\/tr>\n<\/tbody>\n<\/table>\n<p style=\"text-align: center;\"><span style=\"font-family: book antiqua, palatino, serif; font-size: 14pt; color: #333333;\"><strong><span style=\"color: #808080;\">Les ateliers ont lieu \u00e0 Reims et s&rsquo;adressent \u00e0 toutes les personnes int\u00e9ress\u00e9es par la cr\u00e9ation<br \/>quel que soit leur niveau, novices ou confirm\u00e9es.<\/span><\/strong><br \/><strong><span style=\"color: #808080;\">Un forfait valable dans les diff\u00e9rents ateliers .<br \/><\/span><span style=\"color: #808080; font-family: arial, helvetica, sans-serif;\"><br \/><a href=\"https:\/\/latelierdeblandine.fr\/WordPress\/tarifs-2\/\">Tarifs <\/a><\/span><span style=\"color: #808080;\"><em><br \/><\/em><\/span><span style=\"color: #808080; font-family: arial, helvetica, sans-serif;\">Jour et\u00a0 horaire \u00e0 la carte<\/span><\/strong><\/span><\/p>\n\n\n<p>  <\/p>\n","protected":false},"excerpt":{"rendered":"<p>Fleurs s\u00e9ch\u00e9es Abat-jour Couture Cartonnage Les ateliers ont lieu \u00e0 Reims et s&rsquo;adressent \u00e0 toutes les personnes int\u00e9ress\u00e9es par la cr\u00e9ationquel que soit leur niveau, novices ou confirm\u00e9es.Un forfait valable dans les diff\u00e9rents ateliers .Tarifs Jour et\u00a0 horaire \u00e0 la carte<\/p>\n","protected":false},"author":1,"featured_media":0,"parent":0,"menu_order":0,"comment_status":"closed","ping_status":"closed","template":"","meta":[],"_links":{"self":[{"href":"https:\/\/latelierdeblandine.fr\/WordPress\/wp-json\/wp\/v2\/pages\/12526"}],"collection":[{"href":"https:\/\/latelierdeblandine.fr\/WordPress\/wp-json\/wp\/v2\/pages"}],"about":[{"href":"https:\/\/latelierdeblandine.fr\/WordPress\/wp-json\/wp\/v2\/types\/page"}],"author":[{"embeddable":true,"href":"https:\/\/latelierdeblandine.fr\/WordPress\/wp-json\/wp\/v2\/users\/1"}],"replies":[{"embeddable":true,"href":"https:\/\/latelierdeblandine.fr\/WordPress\/wp-json\/wp\/v2\/comments?post=12526"}],"version-history":[{"count":110,"href":"https:\/\/latelierdeblandine.fr\/WordPress\/wp-json\/wp\/v2\/pages\/12526\/revisions"}],"predecessor-version":[{"id":16493,"href":"https:\/\/latelierdeblandine.fr\/WordPress\/wp-json\/wp\/v2\/pages\/12526\/revisions\/16493"}],"wp:attachment":[{"href":"https:\/\/latelierdeblandine.fr\/WordPress\/wp-json\/wp\/v2\/media?parent=12526"}],"curies":[{"name":"wp","href":"https:\/\/api.w.org\/{rel}","templated":true}]}}