{"id":11054,"date":"2019-05-02T10:48:19","date_gmt":"2019-05-02T08:48:19","guid":{"rendered":"https:\/\/latelierdeblandine.fr\/WordPress\/?page_id=11054"},"modified":"2024-01-13T18:26:04","modified_gmt":"2024-01-13T17:26:04","slug":"atelier-couronnes","status":"publish","type":"page","link":"https:\/\/latelierdeblandine.fr\/WordPress\/atelier-couronnes\/","title":{"rendered":"Atelier fleurs s\u00e9ch\u00e9es"},"content":{"rendered":"<p style=\"text-align: center;\">\u00a0<\/p>\n<table style=\"height: 185px; width: 1019px;\">\n<tbody>\n<tr style=\"height: 185.391px;\">\n<td style=\"width: 293.719px; height: 185.391px;\"><img decoding=\"async\" loading=\"lazy\" class=\"alignright\" src=\"https:\/\/latelierdeblandine.fr\/WordPress\/wp-content\/uploads\/2023\/06\/IMG_20230613_133349_075-300x277.jpg\" width=\"163\" height=\"150\" \/><\/td>\n<td style=\"width: 289.531px; height: 185.391px;\"><a href=\"https:\/\/latelierdeblandine.fr\/WordPress\/wp-content\/uploads\/2019\/05\/P1010474-e1556787451681.jpg\"><img decoding=\"async\" loading=\"lazy\" class=\"wp-image-11064 alignright\" src=\"https:\/\/latelierdeblandine.fr\/WordPress\/wp-content\/uploads\/2019\/05\/P1010474-300x300.jpg\" alt=\"\" width=\"150\" height=\"150\" \/><\/a><\/td>\n<td style=\"width: 413.75px; height: 185.391px;\"><a href=\"https:\/\/latelierdeblandine.fr\/WordPress\/wp-content\/uploads\/2021\/01\/P1030360-1-e1611933894639.jpg\"><img decoding=\"async\" loading=\"lazy\" class=\"wp-image-14226 aligncenter\" src=\"https:\/\/latelierdeblandine.fr\/WordPress\/wp-content\/uploads\/2021\/01\/P1030360-1-300x300.jpg\" alt=\"\" width=\"150\" height=\"150\" \/><\/a><\/td>\n<\/tr>\n<\/tbody>\n<\/table>\n<p><span style=\"color: #808080; font-family: georgia, palatino, serif;\"><span style=\"font-size: 14pt;\"><span style=\"color: #808080; font-family: georgia, palatino, serif; font-size: 14pt;\"><b>Pour d\u00e9corer sa maison, pour une f\u00eate ou un \u00e9v\u00e8nement particulier<\/b><\/span><br \/><span style=\"color: #808080; font-family: georgia, palatino, serif; font-size: 14pt;\"><b>de jolies couronnes, des <\/b><\/span><span style=\"color: #808080; font-family: georgia, palatino, serif;\"><span style=\"font-size: 18.6667px;\"><b>accessoires<\/b><\/span><\/span><span style=\"color: #808080; font-family: georgia, palatino, serif; font-size: 14pt;\"><b>\u00a0en fleurs s\u00e9ch\u00e9es<\/b><\/span><br \/><span style=\"color: #808080; font-family: georgia, palatino, serif; font-size: 14pt;\"><b>\u00e0 commander ou \u00e0 faire vous m\u00eame.<\/b><\/span><\/span><\/span><\/p>\n\n\n<p><a href=\"https:\/\/latelierdeblandine.fr\/WordPress\/wp-admin\/edit.php?post_type=page\">Toutes les pages<\/a><\/p>\n","protected":false},"excerpt":{"rendered":"<p>\u00a0 Pour d\u00e9corer sa maison, pour une f\u00eate ou un \u00e9v\u00e8nement particulierde jolies couronnes, des accessoires\u00a0en fleurs s\u00e9ch\u00e9es\u00e0 commander ou \u00e0 faire vous m\u00eame. Toutes les pages<\/p>\n","protected":false},"author":1,"featured_media":0,"parent":0,"menu_order":0,"comment_status":"closed","ping_status":"closed","template":"","meta":[],"_links":{"self":[{"href":"https:\/\/latelierdeblandine.fr\/WordPress\/wp-json\/wp\/v2\/pages\/11054"}],"collection":[{"href":"https:\/\/latelierdeblandine.fr\/WordPress\/wp-json\/wp\/v2\/pages"}],"about":[{"href":"https:\/\/latelierdeblandine.fr\/WordPress\/wp-json\/wp\/v2\/types\/page"}],"author":[{"embeddable":true,"href":"https:\/\/latelierdeblandine.fr\/WordPress\/wp-json\/wp\/v2\/users\/1"}],"replies":[{"embeddable":true,"href":"https:\/\/latelierdeblandine.fr\/WordPress\/wp-json\/wp\/v2\/comments?post=11054"}],"version-history":[{"count":73,"href":"https:\/\/latelierdeblandine.fr\/WordPress\/wp-json\/wp\/v2\/pages\/11054\/revisions"}],"predecessor-version":[{"id":16108,"href":"https:\/\/latelierdeblandine.fr\/WordPress\/wp-json\/wp\/v2\/pages\/11054\/revisions\/16108"}],"wp:attachment":[{"href":"https:\/\/latelierdeblandine.fr\/WordPress\/wp-json\/wp\/v2\/media?parent=11054"}],"curies":[{"name":"wp","href":"https:\/\/api.w.org\/{rel}","templated":true}]}}